{"id":11,"date":"2025-02-05T10:03:14","date_gmt":"2025-02-05T10:03:14","guid":{"rendered":"https:\/\/www.casimo-ot.de\/?page_id=11"},"modified":"2025-08-27T12:24:58","modified_gmt":"2025-08-27T12:24:58","slug":"impressum","status":"publish","type":"page","link":"https:\/\/www.casimo-ot.de\/en\/impressum\/","title":{"rendered":"Imprint"},"content":{"rendered":"<div class=\"wp-block-cover alignfull header-cover imprint\" style=\"margin-top:0;margin-bottom:0;min-height:960px;aspect-ratio:unset;\"><span aria-hidden=\"true\" class=\"wp-block-cover__background has-background-dim-0 has-background-dim\" style=\"background-color:#161b23\"><\/span><img loading=\"lazy\" decoding=\"async\" width=\"2560\" height=\"1463\" class=\"wp-block-cover__image-background wp-image-15\" alt=\"\" src=\"https:\/\/www.casimo-ot.de\/wp-content\/uploads\/2025\/02\/CAS_HG_Visual-scaled.jpg\" data-object-fit=\"cover\" srcset=\"https:\/\/www.casimo-ot.de\/wp-content\/uploads\/2025\/02\/CAS_HG_Visual-scaled.jpg 2560w, https:\/\/www.casimo-ot.de\/wp-content\/uploads\/2025\/02\/CAS_HG_Visual-300x171.jpg 300w, https:\/\/www.casimo-ot.de\/wp-content\/uploads\/2025\/02\/CAS_HG_Visual-1024x585.jpg 1024w, https:\/\/www.casimo-ot.de\/wp-content\/uploads\/2025\/02\/CAS_HG_Visual-768x439.jpg 768w, https:\/\/www.casimo-ot.de\/wp-content\/uploads\/2025\/02\/CAS_HG_Visual-1536x878.jpg 1536w, https:\/\/www.casimo-ot.de\/wp-content\/uploads\/2025\/02\/CAS_HG_Visual-2048x1170.jpg 2048w\" sizes=\"auto, (max-width: 2560px) 100vw, 2560px\" \/><div class=\"wp-block-cover__inner-container has-global-padding is-layout-constrained wp-block-cover-is-layout-constrained\">\n<div class=\"wp-block-group is-content-justification-center is-nowrap is-layout-flex wp-container-core-group-is-layout-1 wp-block-group-is-layout-flex\">\n<h1 class=\"wp-block-heading has-cyan-color has-text-color has-link-color wp-elements-2dd15023896d029a1120c47ad9525624\">Imprint<\/h1>\n<\/div>\n<\/div><\/div>\n\n\n\n<div class=\"wp-block-group dl-section faded has-base-color has-contrast-background-color has-text-color has-background has-link-color wp-elements-94890d5f7baee6a1894fd86139422684 has-global-padding is-layout-constrained wp-container-core-group-is-layout-2 wp-block-group-is-layout-constrained\" style=\"margin-top:0;margin-bottom:0;padding-top:var(--wp--preset--spacing--60);padding-bottom:var(--wp--preset--spacing--60)\">\n<p>casimo Servicefertigung GmbH &amp; Co. KG<br>Rudolf-Diesel-Str. 14<br>48157 M\u00fcnster<\/p>\n\n\n\n<p>Phone. \u00a0+49 251 13534129<br>Fax&nbsp;+49 251 \u200993257236<br><a href=\"mailto:info@casimo-ot.de%20\">info@casimo-ot.de<\/a><\/p>\n\n\n\n<p>CEO: Jan Siebeneck<br>USt.-IdNr. DE 368 843 682<br>St.-Nr. 336 5731 0663<\/p>\n\n\n\n<p>Amtsgericht M\u00fcnster, Handelsregister-Nummer HRA 11946<\/p>\n\n\n\n<h2 class=\"wp-block-heading has-cyan-color has-text-color has-link-color wp-elements-898b2faf38abf0239b7a563f18894141\">Supporting agencies<\/h2>\n\n\n\n<p><a href=\"http:\/\/www.freundeskreis.ms\/\" target=\"_blank\" rel=\"noreferrer noopener\">FREUNDESKREIS<\/a>&nbsp;\u2013 Advertising agency from M\u00fcnster<br><a href=\"https:\/\/studio-horn.de\" data-type=\"link\" data-id=\"https:\/\/studio-horn.de\" target=\"_blank\" rel=\"noreferrer noopener\">STUDIOHORN GmbH<\/a>&nbsp;\u2013 Programming and technical support<\/p>\n\n\n\n<h2 class=\"wp-block-heading has-cyan-color has-text-color has-link-color wp-elements-cf4dd0d2e455b95f70d7d4c408f6fc0a\">Liability for content<\/h2>\n\n\n\n<p>The content of our website has been compiled with the greatest care. However, we cannot accept any liability for the accuracy, completeness and topicality of the content. As a service provider, we are responsible for our own content on these pages in accordance with general legislation. However, service providers are not obliged to monitor the third-party information they transmit or store or to investigate circumstances that indicate illegal activity. Obligations to remove or block the use of information in accordance with general legislation remain unaffected by this. However, liability in this respect is only possible from the time of knowledge of a specific infringement. As soon as we become aware of such infringements, we will remove the content immediately.<\/p>\n\n\n\n<h2 class=\"wp-block-heading has-cyan-color has-text-color has-link-color wp-elements-b8d717b0614af80e4303872d38688f70\">Liability for links<\/h2>\n\n\n\n<p>Our website contains links to external third-party websites over whose content we have no influence. Therefore, we cannot accept any liability for this third-party content. The respective provider or operator of the pages is always responsible for the content of the linked pages. The linked pages were checked for possible legal violations at the time of linking. Illegal content was not recognisable at the time of linking. However, permanent monitoring of the content of the linked pages is not reasonable without concrete evidence of an infringement. If we become aware of any legal infringements, we will remove such links immediately.<\/p>\n\n\n\n<h2 class=\"wp-block-heading has-cyan-color has-text-color has-link-color wp-elements-3e93d9fa3efe02554e69843b3f307c51\">Copyright<\/h2>\n\n\n\n<p>The operators of these pages endeavour to respect the copyrights of others at all times or to use their own or licence-free works. The content and works created by the site operators on these pages are subject to German copyright law. Third-party contributions are labelled as such. Reproduction, editing, distribution and any kind of utilisation outside the limits of copyright law require the written consent of the respective author or creator. Downloads and copies of this site are only permitted for private, non-commercial use.<\/p>\n<\/div>\n\n\n\n<div class=\"wp-block-group dl-seite has-global-padding is-layout-constrained wp-container-core-group-is-layout-7 wp-block-group-is-layout-constrained has-background\" style=\"margin-top:0;margin-bottom:0;padding-top:var(--wp--preset--spacing--60);padding-bottom:var(--wp--preset--spacing--60);background-image:url(&#039;https:\/\/www.casimo-ot.de\/wp-content\/uploads\/2025\/02\/CAS_HG_Visual-scaled.jpg&#039;);background-size:cover;\">\n<div class=\"wp-block-group has-global-padding is-layout-constrained wp-container-core-group-is-layout-3 wp-block-group-is-layout-constrained\" style=\"margin-top:var(--wp--preset--spacing--40);padding-top:var(--wp--preset--spacing--50);padding-bottom:var(--wp--preset--spacing--40)\">\n<h2 class=\"wp-block-heading has-text-align-center animated fadeInUp fast has-cyan-color has-text-color has-link-color has-fs-h-1-font-size wp-elements-6ae02fdcc05cdcab459c6da616606052\">FOLLOW US on instagram<br><a href=\"https:\/\/www.instagram.com\/casimo_orthesen\/\" target=\"_blank\" rel=\"noreferrer noopener\">@casimo_orthesen<\/a><\/h2>\n\n\n\n<figure class=\"wp-block-image alignfull size-large animated fadeInUp fast\"><img loading=\"lazy\" decoding=\"async\" width=\"1024\" height=\"222\" src=\"https:\/\/www.casimo-ot.de\/wp-content\/uploads\/2025\/02\/Insta-bg-1024x222.png\" alt=\"\" class=\"wp-image-121\" srcset=\"https:\/\/www.casimo-ot.de\/wp-content\/uploads\/2025\/02\/Insta-bg-1024x222.png 1024w, https:\/\/www.casimo-ot.de\/wp-content\/uploads\/2025\/02\/Insta-bg-300x65.png 300w, https:\/\/www.casimo-ot.de\/wp-content\/uploads\/2025\/02\/Insta-bg-768x166.png 768w, https:\/\/www.casimo-ot.de\/wp-content\/uploads\/2025\/02\/Insta-bg-1536x332.png 1536w, https:\/\/www.casimo-ot.de\/wp-content\/uploads\/2025\/02\/Insta-bg-2048x443.png 2048w\" sizes=\"auto, (max-width: 1024px) 100vw, 1024px\" \/><\/figure>\n<\/div>\n\n\n\n<div class=\"wp-block-columns footer-columns animated fadeInUp fast is-layout-flex wp-container-core-columns-is-layout-1 wp-block-columns-is-layout-flex\" id=\"Kontakt\">\n<div class=\"wp-block-column is-vertically-aligned-bottom is-layout-flow wp-block-column-is-layout-flow\">\n<div class=\"wp-block-group has-base-color has-text-color has-link-color wp-elements-3deaed6fbf99cae019dc5f401077e0b1 is-vertical is-content-justification-center is-layout-flex wp-container-core-group-is-layout-4 wp-block-group-is-layout-flex\" style=\"padding-bottom:0\">\n<figure class=\"wp-block-image size-large\"><img loading=\"lazy\" decoding=\"async\" width=\"55\" height=\"82\" src=\"https:\/\/www.casimo-ot.de\/wp-content\/uploads\/2025\/02\/place-icon.svg\" alt=\"\" class=\"wp-image-125\"\/><\/figure>\n\n\n\n<p class=\"has-text-align-center\">casimo Servicefertigung<br>GmbH &amp; Co. KG<\/p>\n\n\n\n<p class=\"has-text-align-center has-cyan-color has-text-color has-link-color wp-elements-57c6417843857bce3fdddb970b67a629\" style=\"font-style:normal;font-weight:700\"><a href=\"https:\/\/maps.app.goo.gl\/SVGHdB6wT2juGJsn9\" target=\"_blank\" rel=\"noreferrer noopener\">Rudolf-Diesel-Str. 14<br>48157 M\u00fcnster<\/a><\/p>\n<\/div>\n<\/div>\n\n\n\n<div class=\"wp-block-column is-vertically-aligned-bottom is-layout-flow wp-block-column-is-layout-flow\">\n<div class=\"wp-block-group has-base-color has-text-color has-link-color wp-elements-00186deca4b274131d947bf90b068cd6 is-vertical is-content-justification-center is-layout-flex wp-container-core-group-is-layout-6 wp-block-group-is-layout-flex\" style=\"padding-bottom:0\">\n<figure class=\"wp-block-image size-large is-resized\"><img decoding=\"async\" src=\"https:\/\/www.casimo-ot.de\/wp-content\/uploads\/2025\/03\/CAS_Kontakt_Icon.svg\" alt=\"\" class=\"wp-image-237\" style=\"width:75px\"\/><\/figure>\n\n\n\n<p class=\"has-text-align-center has-cyan-color has-text-color has-link-color wp-elements-133b920469907e979ce04a8e40453445\" style=\"font-style:normal;font-weight:700\">Phone. <a href=\"tel:4925113534129\">+49 251 13534129<\/a><br>Mail. <a href=\"mailto:info@casimo-ot.de\">info@casimo-ot.de<\/a><\/p>\n\n\n\n<div class=\"wp-block-group is-vertical is-content-justification-center is-layout-flex wp-container-core-group-is-layout-5 wp-block-group-is-layout-flex\">\n<p>Please send 3D-scan-models to:<\/p>\n\n\n\n<p class=\"has-cyan-color has-text-color has-link-color wp-elements-837c5c8e2bf5c05089f085fe6689f4ba\" style=\"font-style:normal;font-weight:900\"><a href=\"mailto:3d@casimo-ot.de\">3d@casimo-ot.de<\/a><\/p>\n<\/div>\n<\/div>\n<\/div>\n<\/div>\n<\/div>","protected":false},"excerpt":{"rendered":"<p>casimo Servicefertigung GmbH &amp; Co. KGRudolf-Diesel-Str. 1448157 M\u00fcnster Tel.&nbsp;+49 251 13534129Fax&nbsp;+49 251 \u200993257236info@casimo-ot.de Gesch\u00e4ftsf\u00fchrung: Jan SiebeneckUSt.-IdNr. DE 368 843 682St.-Nr. 336 5731 0663 Amtsgericht M\u00fcnster, Handelsregister-Nummer HRA 11946 Betreuende Agenturen FREUNDESKREIS&nbsp;\u2013 Werbeagentur aus M\u00fcnsterSTUDIOHORN GmbH&nbsp;\u2013 Programmierung und technischer Support Haftung f\u00fcr Inhalte Die Inhalte unserer Seiten wurden mit gr\u00f6\u00dfter Sorgfalt erstellt. F\u00fcr die Richtigkeit, Vollst\u00e4ndigkeit [&hellip;]<\/p>","protected":false},"author":1,"featured_media":226,"parent":0,"menu_order":0,"comment_status":"closed","ping_status":"closed","template":"","meta":{"inline_featured_image":false,"advgb_blocks_editor_width":"","advgb_blocks_columns_visual_guide":"","footnotes":""},"class_list":["post-11","page","type-page","status-publish","has-post-thumbnail","hentry"],"yoast_head":"<!-- This site is optimized with the Yoast SEO plugin v25.2 - https:\/\/yoast.com\/wordpress\/plugins\/seo\/ -->\n<title>Impressum - CASIMO | Orthop\u00e4dietechnik aus M\u00fcnster<\/title>\n<meta name=\"robots\" content=\"index, follow, max-snippet:-1, max-image-preview:large, max-video-preview:-1\" \/>\n<link rel=\"canonical\" href=\"https:\/\/www.casimo-ot.de\/en\/impressum\/\" \/>\n<meta property=\"og:locale\" content=\"en_GB\" \/>\n<meta property=\"og:type\" content=\"article\" \/>\n<meta property=\"og:title\" content=\"Impressum - CASIMO | Orthop\u00e4dietechnik aus M\u00fcnster\" \/>\n<meta property=\"og:description\" content=\"casimo Servicefertigung GmbH &amp; Co. KGRudolf-Diesel-Str. 1448157 M\u00fcnster Tel.&nbsp;+49 251 13534129Fax&nbsp;+49 251 \u200993257236info@casimo-ot.de Gesch\u00e4ftsf\u00fchrung: Jan SiebeneckUSt.-IdNr. DE 368 843 682St.-Nr. 336 5731 0663 Amtsgericht M\u00fcnster, Handelsregister-Nummer HRA 11946 Betreuende Agenturen FREUNDESKREIS&nbsp;\u2013 Werbeagentur aus M\u00fcnsterSTUDIOHORN GmbH&nbsp;\u2013 Programmierung und technischer Support Haftung f\u00fcr Inhalte Die Inhalte unserer Seiten wurden mit gr\u00f6\u00dfter Sorgfalt erstellt. F\u00fcr die Richtigkeit, Vollst\u00e4ndigkeit [&hellip;]\" \/>\n<meta property=\"og:url\" content=\"https:\/\/www.casimo-ot.de\/en\/impressum\/\" \/>\n<meta property=\"og:site_name\" content=\"CASIMO | Orthop\u00e4dietechnik aus M\u00fcnster\" \/>\n<meta property=\"article:modified_time\" content=\"2025-08-27T12:24:58+00:00\" \/>\n<meta property=\"og:image\" content=\"https:\/\/www.casimo-ot.de\/wp-content\/uploads\/2025\/02\/cropped-wer-wir-sind-stickypng.png\" \/>\n\t<meta property=\"og:image:width\" content=\"512\" \/>\n\t<meta property=\"og:image:height\" content=\"512\" \/>\n\t<meta property=\"og:image:type\" content=\"image\/png\" \/>\n<meta name=\"twitter:card\" content=\"summary_large_image\" \/>\n<meta name=\"twitter:label1\" content=\"Estimated reading time\" \/>\n\t<meta name=\"twitter:data1\" content=\"3 minutes\" \/>\n<script type=\"application\/ld+json\" class=\"yoast-schema-graph\">{\"@context\":\"https:\/\/schema.org\",\"@graph\":[{\"@type\":\"WebPage\",\"@id\":\"https:\/\/www.casimo-ot.de\/impressum\/\",\"url\":\"https:\/\/www.casimo-ot.de\/impressum\/\",\"name\":\"Impressum - CASIMO | Orthop\u00e4dietechnik aus M\u00fcnster\",\"isPartOf\":{\"@id\":\"https:\/\/www.casimo-ot.de\/#website\"},\"primaryImageOfPage\":{\"@id\":\"https:\/\/www.casimo-ot.de\/impressum\/#primaryimage\"},\"image\":{\"@id\":\"https:\/\/www.casimo-ot.de\/impressum\/#primaryimage\"},\"thumbnailUrl\":\"https:\/\/www.casimo-ot.de\/wp-content\/uploads\/2025\/02\/cropped-wer-wir-sind-stickypng.png\",\"datePublished\":\"2025-02-05T10:03:14+00:00\",\"dateModified\":\"2025-08-27T12:24:58+00:00\",\"breadcrumb\":{\"@id\":\"https:\/\/www.casimo-ot.de\/impressum\/#breadcrumb\"},\"inLanguage\":\"en-GB\",\"potentialAction\":[{\"@type\":\"ReadAction\",\"target\":[\"https:\/\/www.casimo-ot.de\/impressum\/\"]}]},{\"@type\":\"ImageObject\",\"inLanguage\":\"en-GB\",\"@id\":\"https:\/\/www.casimo-ot.de\/impressum\/#primaryimage\",\"url\":\"https:\/\/www.casimo-ot.de\/wp-content\/uploads\/2025\/02\/cropped-wer-wir-sind-stickypng.png\",\"contentUrl\":\"https:\/\/www.casimo-ot.de\/wp-content\/uploads\/2025\/02\/cropped-wer-wir-sind-stickypng.png\",\"width\":512,\"height\":512},{\"@type\":\"BreadcrumbList\",\"@id\":\"https:\/\/www.casimo-ot.de\/impressum\/#breadcrumb\",\"itemListElement\":[{\"@type\":\"ListItem\",\"position\":1,\"name\":\"Startseite\",\"item\":\"https:\/\/www.casimo-ot.de\/\"},{\"@type\":\"ListItem\",\"position\":2,\"name\":\"Impressum\"}]},{\"@type\":\"WebSite\",\"@id\":\"https:\/\/www.casimo-ot.de\/#website\",\"url\":\"https:\/\/www.casimo-ot.de\/\",\"name\":\"CASIMO | Orthop\u00e4dietechnik aus M\u00fcnster\",\"description\":\"\",\"publisher\":{\"@id\":\"https:\/\/www.casimo-ot.de\/#organization\"},\"potentialAction\":[{\"@type\":\"SearchAction\",\"target\":{\"@type\":\"EntryPoint\",\"urlTemplate\":\"https:\/\/www.casimo-ot.de\/?s={search_term_string}\"},\"query-input\":{\"@type\":\"PropertyValueSpecification\",\"valueRequired\":true,\"valueName\":\"search_term_string\"}}],\"inLanguage\":\"en-GB\"},{\"@type\":\"Organization\",\"@id\":\"https:\/\/www.casimo-ot.de\/#organization\",\"name\":\"CASIMO | Orthop\u00e4dietechnik aus M\u00fcnster\",\"url\":\"https:\/\/www.casimo-ot.de\/\",\"logo\":{\"@type\":\"ImageObject\",\"inLanguage\":\"en-GB\",\"@id\":\"https:\/\/www.casimo-ot.de\/#\/schema\/logo\/image\/\",\"url\":\"https:\/\/www.casimo-ot.de\/wp-content\/uploads\/2025\/02\/Casimo_Logo_RGB_ohne_claim.png\",\"contentUrl\":\"https:\/\/www.casimo-ot.de\/wp-content\/uploads\/2025\/02\/Casimo_Logo_RGB_ohne_claim.png\",\"width\":200,\"height\":43,\"caption\":\"CASIMO | Orthop\u00e4dietechnik aus M\u00fcnster\"},\"image\":{\"@id\":\"https:\/\/www.casimo-ot.de\/#\/schema\/logo\/image\/\"},\"sameAs\":[\"https:\/\/www.instagram.com\/casimo_orthesen\/\"]}]}<\/script>\n<!-- \/ Yoast SEO plugin. -->","yoast_head_json":{"title":"Impressum - CASIMO | Orthop\u00e4dietechnik aus M\u00fcnster","robots":{"index":"index","follow":"follow","max-snippet":"max-snippet:-1","max-image-preview":"max-image-preview:large","max-video-preview":"max-video-preview:-1"},"canonical":"https:\/\/www.casimo-ot.de\/en\/impressum\/","og_locale":"en_GB","og_type":"article","og_title":"Impressum - CASIMO | Orthop\u00e4dietechnik aus M\u00fcnster","og_description":"casimo Servicefertigung GmbH &amp; Co. KGRudolf-Diesel-Str. 1448157 M\u00fcnster Tel.&nbsp;+49 251 13534129Fax&nbsp;+49 251 \u200993257236info@casimo-ot.de Gesch\u00e4ftsf\u00fchrung: Jan SiebeneckUSt.-IdNr. DE 368 843 682St.-Nr. 336 5731 0663 Amtsgericht M\u00fcnster, Handelsregister-Nummer HRA 11946 Betreuende Agenturen FREUNDESKREIS&nbsp;\u2013 Werbeagentur aus M\u00fcnsterSTUDIOHORN GmbH&nbsp;\u2013 Programmierung und technischer Support Haftung f\u00fcr Inhalte Die Inhalte unserer Seiten wurden mit gr\u00f6\u00dfter Sorgfalt erstellt. F\u00fcr die Richtigkeit, Vollst\u00e4ndigkeit [&hellip;]","og_url":"https:\/\/www.casimo-ot.de\/en\/impressum\/","og_site_name":"CASIMO | Orthop\u00e4dietechnik aus M\u00fcnster","article_modified_time":"2025-08-27T12:24:58+00:00","og_image":[{"width":512,"height":512,"url":"https:\/\/www.casimo-ot.de\/wp-content\/uploads\/2025\/02\/cropped-wer-wir-sind-stickypng.png","type":"image\/png"}],"twitter_card":"summary_large_image","twitter_misc":{"Estimated reading time":"3 minutes"},"schema":{"@context":"https:\/\/schema.org","@graph":[{"@type":"WebPage","@id":"https:\/\/www.casimo-ot.de\/impressum\/","url":"https:\/\/www.casimo-ot.de\/impressum\/","name":"Impressum - CASIMO | Orthop\u00e4dietechnik aus M\u00fcnster","isPartOf":{"@id":"https:\/\/www.casimo-ot.de\/#website"},"primaryImageOfPage":{"@id":"https:\/\/www.casimo-ot.de\/impressum\/#primaryimage"},"image":{"@id":"https:\/\/www.casimo-ot.de\/impressum\/#primaryimage"},"thumbnailUrl":"https:\/\/www.casimo-ot.de\/wp-content\/uploads\/2025\/02\/cropped-wer-wir-sind-stickypng.png","datePublished":"2025-02-05T10:03:14+00:00","dateModified":"2025-08-27T12:24:58+00:00","breadcrumb":{"@id":"https:\/\/www.casimo-ot.de\/impressum\/#breadcrumb"},"inLanguage":"en-GB","potentialAction":[{"@type":"ReadAction","target":["https:\/\/www.casimo-ot.de\/impressum\/"]}]},{"@type":"ImageObject","inLanguage":"en-GB","@id":"https:\/\/www.casimo-ot.de\/impressum\/#primaryimage","url":"https:\/\/www.casimo-ot.de\/wp-content\/uploads\/2025\/02\/cropped-wer-wir-sind-stickypng.png","contentUrl":"https:\/\/www.casimo-ot.de\/wp-content\/uploads\/2025\/02\/cropped-wer-wir-sind-stickypng.png","width":512,"height":512},{"@type":"BreadcrumbList","@id":"https:\/\/www.casimo-ot.de\/impressum\/#breadcrumb","itemListElement":[{"@type":"ListItem","position":1,"name":"Startseite","item":"https:\/\/www.casimo-ot.de\/"},{"@type":"ListItem","position":2,"name":"Impressum"}]},{"@type":"WebSite","@id":"https:\/\/www.casimo-ot.de\/#website","url":"https:\/\/www.casimo-ot.de\/","name":"CASIMO | Orthop\u00e4dietechnik aus M\u00fcnster","description":"","publisher":{"@id":"https:\/\/www.casimo-ot.de\/#organization"},"potentialAction":[{"@type":"SearchAction","target":{"@type":"EntryPoint","urlTemplate":"https:\/\/www.casimo-ot.de\/?s={search_term_string}"},"query-input":{"@type":"PropertyValueSpecification","valueRequired":true,"valueName":"search_term_string"}}],"inLanguage":"en-GB"},{"@type":"Organization","@id":"https:\/\/www.casimo-ot.de\/#organization","name":"CASIMO | Orthop\u00e4dietechnik aus M\u00fcnster","url":"https:\/\/www.casimo-ot.de\/","logo":{"@type":"ImageObject","inLanguage":"en-GB","@id":"https:\/\/www.casimo-ot.de\/#\/schema\/logo\/image\/","url":"https:\/\/www.casimo-ot.de\/wp-content\/uploads\/2025\/02\/Casimo_Logo_RGB_ohne_claim.png","contentUrl":"https:\/\/www.casimo-ot.de\/wp-content\/uploads\/2025\/02\/Casimo_Logo_RGB_ohne_claim.png","width":200,"height":43,"caption":"CASIMO | Orthop\u00e4dietechnik aus M\u00fcnster"},"image":{"@id":"https:\/\/www.casimo-ot.de\/#\/schema\/logo\/image\/"},"sameAs":["https:\/\/www.instagram.com\/casimo_orthesen\/"]}]}},"coauthors":[],"author_meta":{"author_link":"https:\/\/www.casimo-ot.de\/en\/author\/mhorn\/","display_name":"admin"},"relative_dates":{"created":"Posted 1 year ago","modified":"Updated 8 months ago"},"absolute_dates":{"created":"Posted on February 5, 2025","modified":"Updated on August 27, 2025"},"absolute_dates_time":{"created":"Posted on February 5, 2025 10:03 am","modified":"Updated on August 27, 2025 12:24 pm"},"featured_img_caption":"","featured_img":"https:\/\/www.casimo-ot.de\/wp-content\/uploads\/2025\/02\/cropped-wer-wir-sind-stickypng.png","series_order":"","_links":{"self":[{"href":"https:\/\/www.casimo-ot.de\/en\/wp-json\/wp\/v2\/pages\/11","targetHints":{"allow":["GET"]}}],"collection":[{"href":"https:\/\/www.casimo-ot.de\/en\/wp-json\/wp\/v2\/pages"}],"about":[{"href":"https:\/\/www.casimo-ot.de\/en\/wp-json\/wp\/v2\/types\/page"}],"author":[{"embeddable":true,"href":"https:\/\/www.casimo-ot.de\/en\/wp-json\/wp\/v2\/users\/1"}],"replies":[{"embeddable":true,"href":"https:\/\/www.casimo-ot.de\/en\/wp-json\/wp\/v2\/comments?post=11"}],"version-history":[{"count":2,"href":"https:\/\/www.casimo-ot.de\/en\/wp-json\/wp\/v2\/pages\/11\/revisions"}],"predecessor-version":[{"id":371,"href":"https:\/\/www.casimo-ot.de\/en\/wp-json\/wp\/v2\/pages\/11\/revisions\/371"}],"wp:featuredmedia":[{"embeddable":true,"href":"https:\/\/www.casimo-ot.de\/en\/wp-json\/wp\/v2\/media\/226"}],"wp:attachment":[{"href":"https:\/\/www.casimo-ot.de\/en\/wp-json\/wp\/v2\/media?parent=11"}],"curies":[{"name":"wp","href":"https:\/\/api.w.org\/{rel}","templated":true}]}}